{"id":494,"date":"2022-03-10T16:32:29","date_gmt":"2022-03-10T15:32:29","guid":{"rendered":"https:\/\/www.biotop.pwr.edu.pl\/?page_id=494"},"modified":"2022-03-10T16:32:29","modified_gmt":"2022-03-10T15:32:29","slug":"committees","status":"publish","type":"page","link":"https:\/\/agrobiotechconference.pwr.edu.pl\/?page_id=494","title":{"rendered":"Committees"},"content":{"rendered":"\n<h2 class=\"wp-block-heading\">Scientific committee: <\/h2>\n\n\n\n<ul class=\"wp-block-list\"><li>PhD. Beata Greb-Markiewicz <\/li><li>Prof. Yakov Kuzyakov <\/li><li>Prof. Izabela Michalak <\/li><li>Prof. Cezary Tkaczuk <\/li><li>Prof. Marta Wrzosek <\/li><li>Prof. Ewa \u017byma\u0144czyk-Duda <\/li><\/ul>\n\n\n\n<h2 class=\"wp-block-heading\">Organising Committee: <\/h2>\n\n\n\n<h3 class=\"wp-block-heading\">Committee Supervision: <\/h3>\n\n\n\n<ul class=\"wp-block-list\"><li>PhD. Beata Greb-Markiewicz <\/li><li>MSc Eng. Dawid J. Kramski <\/li><li>MSc Eng. Dominika Szcz\u0119sna <\/li><\/ul>\n\n\n\n<h3 class=\"wp-block-heading\">Head of Committee: <\/h3>\n\n\n\n<ul class=\"wp-block-list\"><li>Kaja Kowalczuk <\/li><\/ul>\n\n\n\n<h3 class=\"wp-block-heading\">Finance team: <\/h3>\n\n\n\n<ul class=\"wp-block-list\"><li>Oktawiusz Raczy\u0144ski <\/li><li>Piotr Kruszy\u0144ski <\/li><li>Wiktoria Nowicka <\/li><\/ul>\n\n\n\n<h3 class=\"wp-block-heading\">Promotion team: <\/h3>\n\n\n\n<ul class=\"wp-block-list\"><li>Martyna Nowak <\/li><li>Julia Fedor\u00f3w <\/li><li>Filip Maciejowski <\/li><li>Maciej Walig\u00f3rski <\/li><li>Wiktoria Tr\u0119bacz <\/li><\/ul>\n\n\n\n<h3 class=\"wp-block-heading\">Program team: <\/h3>\n\n\n\n<ul class=\"wp-block-list\"><li>Julia Witek <\/li><li>Jagoda Radzimska<\/li><li>Micha\u0142 Bryk <\/li><\/ul>\n\n\n\n<h3 class=\"wp-block-heading\">Conference graphics: <\/h3>\n\n\n\n<ul class=\"wp-block-list\"><li>Filip Maciejowski <\/li><\/ul>\n\n\n\n<h3 class=\"wp-block-heading\">Book of abstracts cover design: <\/h3>\n\n\n\n<ul class=\"wp-block-list\"><li>Martyna Nowak <\/li><\/ul>\n\n\n\n<h3 class=\"wp-block-heading\">Book of abstracts editor: <\/h3>\n\n\n\n<ul class=\"wp-block-list\"><li>MSc Eng. Dawid J. Kramski<\/li><\/ul>\n\n\n\n<p><\/p>\n","protected":false},"excerpt":{"rendered":"<p>Scientific committee: PhD. Beata Greb-Markiewicz Prof. Yakov Kuzyakov Prof. Izabela Michalak Prof. Cezary Tkaczuk Prof. Marta Wrzosek Prof. Ewa \u017byma\u0144czyk-Duda Organising Committee: Committee Supervision: PhD. Beata Greb-Markiewicz MSc Eng. Dawid J. Kramski MSc Eng. Dominika Szcz\u0119sna Head of Committee: Kaja Kowalczuk Finance team: Oktawiusz Raczy\u0144ski Piotr Kruszy\u0144ski Wiktoria Nowicka Promotion team: Martyna Nowak Julia Fedor\u00f3w [&hellip;]<\/p>\n","protected":false},"author":2,"featured_media":0,"parent":0,"menu_order":0,"comment_status":"closed","ping_status":"closed","template":"","meta":{"footnotes":""},"class_list":["post-494","page","type-page","status-publish","hentry"],"_links":{"self":[{"href":"https:\/\/agrobiotechconference.pwr.edu.pl\/index.php?rest_route=\/wp\/v2\/pages\/494","targetHints":{"allow":["GET"]}}],"collection":[{"href":"https:\/\/agrobiotechconference.pwr.edu.pl\/index.php?rest_route=\/wp\/v2\/pages"}],"about":[{"href":"https:\/\/agrobiotechconference.pwr.edu.pl\/index.php?rest_route=\/wp\/v2\/types\/page"}],"author":[{"embeddable":true,"href":"https:\/\/agrobiotechconference.pwr.edu.pl\/index.php?rest_route=\/wp\/v2\/users\/2"}],"replies":[{"embeddable":true,"href":"https:\/\/agrobiotechconference.pwr.edu.pl\/index.php?rest_route=%2Fwp%2Fv2%2Fcomments&post=494"}],"version-history":[{"count":0,"href":"https:\/\/agrobiotechconference.pwr.edu.pl\/index.php?rest_route=\/wp\/v2\/pages\/494\/revisions"}],"wp:attachment":[{"href":"https:\/\/agrobiotechconference.pwr.edu.pl\/index.php?rest_route=%2Fwp%2Fv2%2Fmedia&parent=494"}],"curies":[{"name":"wp","href":"https:\/\/api.w.org\/{rel}","templated":true}]}}